{"id":70,"date":"2026-03-11T16:34:55","date_gmt":"2026-03-11T16:34:55","guid":{"rendered":"https:\/\/trencoconsulting.fr\/?page_id=70"},"modified":"2026-03-26T16:56:19","modified_gmt":"2026-03-26T16:56:19","slug":"references","status":"publish","type":"page","link":"https:\/\/trencoconsulting.fr\/en\/references\/","title":{"rendered":"References"},"content":{"rendered":"<div class=\"wp-block-media-text alignwide is-stacked-on-mobile is-image-fill-element\" style=\"grid-template-columns:20% auto\"><figure class=\"wp-block-media-text__media\"><img loading=\"lazy\" decoding=\"async\" width=\"768\" height=\"1024\" src=\"http:\/\/trencoconsulting.fr\/wp-content\/uploads\/2026\/03\/St-Louis-768x1024.jpg\" alt=\"\" class=\"wp-image-75 size-full\" style=\"object-position:50% 50%\" srcset=\"https:\/\/trencoconsulting.fr\/wp-content\/uploads\/2026\/03\/St-Louis-768x1024.jpg 768w, https:\/\/trencoconsulting.fr\/wp-content\/uploads\/2026\/03\/St-Louis-225x300.jpg 225w, https:\/\/trencoconsulting.fr\/wp-content\/uploads\/2026\/03\/St-Louis-1152x1536.jpg 1152w, https:\/\/trencoconsulting.fr\/wp-content\/uploads\/2026\/03\/St-Louis-1536x2048.jpg 1536w, https:\/\/trencoconsulting.fr\/wp-content\/uploads\/2026\/03\/St-Louis-scaled.jpg 1920w\" sizes=\"auto, (max-width: 768px) 100vw, 768px\" \/><\/figure><div class=\"wp-block-media-text__content\">\n<h2 class=\"wp-block-heading has-medium-font-size\" id=\"accessibilit\u00e9-a\u00e9roportuaire\">Study into the rail accessibility of major airports from the Burgundy-Franche-Comt\u00e9 region<\/h2>\n\n\n\n<p class=\"has-small-font-size\">Elaboration d&rsquo;un inventaire d\u00e9taill\u00e9 des liaisons ferroviaires existantes entre les principales villes bourguignon-franc-comtoises et les grands a\u00e9roports fran\u00e7ais, suisses et allemands situ\u00e9s \u00e0 proximit\u00e9, analyse de la qualit\u00e9 de l&rsquo;offre de services et \u00e9valuation de leur comp\u00e9titivit\u00e9 par rapport aux autres modes de transport, identification des perspectives d&rsquo;am\u00e9lioration de cette accessibilit\u00e9.<\/p>\n\n\n\n<div class=\"wp-block-media-text is-stacked-on-mobile\" style=\"margin-right:0;margin-left:0;padding-right:0;padding-left:0;grid-template-columns:15% auto\"><figure class=\"wp-block-media-text__media\"><img loading=\"lazy\" decoding=\"async\" width=\"719\" height=\"351\" src=\"https:\/\/trencoconsulting.fr\/wp-content\/uploads\/2026\/03\/image.png\" alt=\"Association Trans Europe TGV Rhin-Rh\u00f4ne-M\u00e9diterran\u00e9e\" class=\"wp-image-79 size-full\" srcset=\"https:\/\/trencoconsulting.fr\/wp-content\/uploads\/2026\/03\/image.png 719w, https:\/\/trencoconsulting.fr\/wp-content\/uploads\/2026\/03\/image-300x146.png 300w\" sizes=\"auto, (max-width: 719px) 100vw, 719px\" \/><\/figure><div class=\"wp-block-media-text__content\">\n<p class=\"has-small-font-size\"><strong>Association Trans Europe TGV Rhin-Rh\u00f4ne-M\u00e9diterran\u00e9e<\/strong><\/p>\n<\/div><\/div>\n<\/div><\/div>\n\n\n\n<div class=\"wp-block-media-text alignwide is-stacked-on-mobile is-image-fill-element\" style=\"grid-template-columns:20% auto\"><figure class=\"wp-block-media-text__media\"><img loading=\"lazy\" decoding=\"async\" width=\"729\" height=\"1024\" src=\"https:\/\/trencoconsulting.fr\/wp-content\/uploads\/2026\/03\/AURA-Capareseau-2-729x1024.png\" alt=\"\" class=\"wp-image-84 size-full\" style=\"object-position:50% 50%\" srcset=\"https:\/\/trencoconsulting.fr\/wp-content\/uploads\/2026\/03\/AURA-Capareseau-2-729x1024.png 729w, https:\/\/trencoconsulting.fr\/wp-content\/uploads\/2026\/03\/AURA-Capareseau-2-214x300.png 214w, https:\/\/trencoconsulting.fr\/wp-content\/uploads\/2026\/03\/AURA-Capareseau-2-768x1079.png 768w, https:\/\/trencoconsulting.fr\/wp-content\/uploads\/2026\/03\/AURA-Capareseau-2.png 895w\" sizes=\"auto, (max-width: 729px) 100vw, 729px\" \/><\/figure><div class=\"wp-block-media-text__content\">\n<h2 class=\"wp-block-heading has-medium-font-size\" id=\"pv-aura\">Analysis of opportunities for the developement of solar energy projects in the Auvergne Rh\u00f4ne-Alpes region<\/h2>\n\n\n\n<p>Analyse du cadre r\u00e8glementaire national et r\u00e9gional, inventaire des capacit\u00e9s existantes sur les r\u00e9seaux de transport d&rsquo;\u00e9lectricit\u00e9, organisation de rendez-vous avec les parties prenantes r\u00e9gionales (gestionnaires d&rsquo;infrastructure, administration, collectivit\u00e9s), pr\u00e9paration d&rsquo;un business plan pour une future entit\u00e9 de droit fran\u00e7ais charg\u00e9e du programme de d\u00e9veloppement de sites photovolta\u00efques.<\/p>\n\n\n\n<div class=\"wp-block-media-text is-stacked-on-mobile\" style=\"grid-template-columns:15% auto\"><figure class=\"wp-block-media-text__media\"><img loading=\"lazy\" decoding=\"async\" width=\"300\" height=\"138\" src=\"https:\/\/trencoconsulting.fr\/wp-content\/uploads\/2026\/03\/image-2.png\" alt=\"\" class=\"wp-image-85 size-full\"\/><\/figure><div class=\"wp-block-media-text__content\">\n<p class=\"has-small-font-size\"><strong>Mpumalanga Power <\/strong>(Afrique du Sud)<\/p>\n<\/div><\/div>\n<\/div><\/div>\n\n\n\n<div class=\"wp-block-media-text alignwide is-stacked-on-mobile is-image-fill-element\" style=\"grid-template-columns:20% auto\"><figure class=\"wp-block-media-text__media\"><img loading=\"lazy\" decoding=\"async\" width=\"768\" height=\"1024\" src=\"https:\/\/trencoconsulting.fr\/wp-content\/uploads\/2026\/03\/Gare-de-Lausanne-768x1024.jpg\" alt=\"\" class=\"wp-image-86 size-full\" style=\"object-position:50% 50%\" srcset=\"https:\/\/trencoconsulting.fr\/wp-content\/uploads\/2026\/03\/Gare-de-Lausanne-768x1024.jpg 768w, https:\/\/trencoconsulting.fr\/wp-content\/uploads\/2026\/03\/Gare-de-Lausanne-225x300.jpg 225w, https:\/\/trencoconsulting.fr\/wp-content\/uploads\/2026\/03\/Gare-de-Lausanne-1152x1536.jpg 1152w, https:\/\/trencoconsulting.fr\/wp-content\/uploads\/2026\/03\/Gare-de-Lausanne-1536x2048.jpg 1536w, https:\/\/trencoconsulting.fr\/wp-content\/uploads\/2026\/03\/Gare-de-Lausanne-scaled.jpg 1920w\" sizes=\"auto, (max-width: 768px) 100vw, 768px\" \/><\/figure><div class=\"wp-block-media-text__content\">\n<h2 class=\"wp-block-heading has-medium-font-size\" id=\"opportunit\u00e9-interreg\">Feasibility study for a France-Switzerland Interreg project focussing on the Dijon\/Besan\u00e7on - Lausanne\/Neuch\u00e2tel connection<\/h2>\n\n\n\n<p>Identification des vecteurs de renforcement des \u00e9changes entre les quatre villes fran\u00e7aises et suisses ainsi que les territoires interm\u00e9diaires, \u00e9valuation de l&rsquo;opportunit\u00e9 de d\u00e9poser un projet Interreg France-Suisse visant \u00e0 approfondir ces \u00e9changes et accro\u00eetre les flux ferroviaires sur l&rsquo;axe, d\u00e9finition du projet et recherche de partenaires.<\/p>\n\n\n\n<div class=\"wp-block-media-text is-stacked-on-mobile\" style=\"margin-right:0;margin-left:0;padding-right:0;padding-left:0;grid-template-columns:15% auto\"><figure class=\"wp-block-media-text__media\"><img loading=\"lazy\" decoding=\"async\" width=\"719\" height=\"351\" src=\"https:\/\/trencoconsulting.fr\/wp-content\/uploads\/2026\/03\/image.png\" alt=\"Association Trans Europe TGV Rhin-Rh\u00f4ne-M\u00e9diterran\u00e9e\" class=\"wp-image-79 size-full\" srcset=\"https:\/\/trencoconsulting.fr\/wp-content\/uploads\/2026\/03\/image.png 719w, https:\/\/trencoconsulting.fr\/wp-content\/uploads\/2026\/03\/image-300x146.png 300w\" sizes=\"auto, (max-width: 719px) 100vw, 719px\" \/><\/figure><div class=\"wp-block-media-text__content\">\n<p class=\"has-small-font-size\"><strong>Association Trans Europe TGV Rhin-Rh\u00f4ne-M\u00e9diterran\u00e9e<\/strong><\/p>\n<\/div><\/div>\n<\/div><\/div>\n\n\n\n<div class=\"wp-block-media-text alignwide is-stacked-on-mobile is-image-fill-element\" style=\"grid-template-columns:20% auto\"><figure class=\"wp-block-media-text__media\"><img loading=\"lazy\" decoding=\"async\" width=\"1024\" height=\"576\" src=\"http:\/\/trencoconsulting.fr\/wp-content\/uploads\/2026\/03\/20160217_152048-1024x576.jpg\" alt=\"\" class=\"wp-image-71 size-full\" style=\"object-position:50% 50%\" srcset=\"https:\/\/trencoconsulting.fr\/wp-content\/uploads\/2026\/03\/20160217_152048-1024x576.jpg 1024w, https:\/\/trencoconsulting.fr\/wp-content\/uploads\/2026\/03\/20160217_152048-300x169.jpg 300w, https:\/\/trencoconsulting.fr\/wp-content\/uploads\/2026\/03\/20160217_152048-768x432.jpg 768w, https:\/\/trencoconsulting.fr\/wp-content\/uploads\/2026\/03\/20160217_152048-1536x864.jpg 1536w, https:\/\/trencoconsulting.fr\/wp-content\/uploads\/2026\/03\/20160217_152048-2048x1152.jpg 2048w\" sizes=\"auto, (max-width: 1024px) 100vw, 1024px\" \/><\/figure><div class=\"wp-block-media-text__content\">\n<h2 class=\"wp-block-heading has-medium-font-size\">Coordination de la premi\u00e8re phase de d\u00e9veloppement de l&rsquo;\u00e9nergie mar\u00e9motrice en France<\/h2>\n\n\n\n<p>Sensibilisation des acteurs cl\u00e9s sur le potentiel de l\u2019\u00e9nergie mar\u00e9motrice en France, lobbying des d\u00e9cideurs aux niveaux r\u00e9gional et national pour positionner l&rsquo;\u00e9nergie mar\u00e9motrice dans le programme de transition \u00e9nerg\u00e9tique, identification de sites propices dans les r\u00e9gions Hauts-de-France et Normandie, recensement des enjeux environnementaux, socio-\u00e9conomiques et techniques.<\/p>\n\n\n\n<div class=\"wp-block-media-text is-stacked-on-mobile\" style=\"grid-template-columns:15% auto\"><figure class=\"wp-block-media-text__media\"><img loading=\"lazy\" decoding=\"async\" width=\"366\" height=\"399\" src=\"https:\/\/trencoconsulting.fr\/wp-content\/uploads\/2026\/03\/image-3.png\" alt=\"\" class=\"wp-image-92 size-full\" srcset=\"https:\/\/trencoconsulting.fr\/wp-content\/uploads\/2026\/03\/image-3.png 366w, https:\/\/trencoconsulting.fr\/wp-content\/uploads\/2026\/03\/image-3-275x300.png 275w\" sizes=\"auto, (max-width: 366px) 100vw, 366px\" \/><\/figure><div class=\"wp-block-media-text__content\">\n<p class=\"has-small-font-size\"><strong>Tidal Lagoon Power <\/strong>(Royaume-Uni)<\/p>\n<\/div><\/div>\n<\/div><\/div>\n\n\n\n<div class=\"wp-block-media-text alignwide is-stacked-on-mobile is-image-fill-element\" style=\"grid-template-columns:20% auto\"><figure class=\"wp-block-media-text__media\"><img loading=\"lazy\" decoding=\"async\" width=\"1024\" height=\"576\" src=\"https:\/\/trencoconsulting.fr\/wp-content\/uploads\/2026\/03\/Hopital-median-1024x576.jpg\" alt=\"\" class=\"wp-image-98 size-full\" style=\"object-position:50% 50%\" srcset=\"https:\/\/trencoconsulting.fr\/wp-content\/uploads\/2026\/03\/Hopital-median-1024x576.jpg 1024w, https:\/\/trencoconsulting.fr\/wp-content\/uploads\/2026\/03\/Hopital-median-300x169.jpg 300w, https:\/\/trencoconsulting.fr\/wp-content\/uploads\/2026\/03\/Hopital-median-768x432.jpg 768w, https:\/\/trencoconsulting.fr\/wp-content\/uploads\/2026\/03\/Hopital-median-1536x864.jpg 1536w, https:\/\/trencoconsulting.fr\/wp-content\/uploads\/2026\/03\/Hopital-median-2048x1152.jpg 2048w\" sizes=\"auto, (max-width: 1024px) 100vw, 1024px\" \/><\/figure><div class=\"wp-block-media-text__content\">\n<h2 class=\"wp-block-heading has-medium-font-size\">Livre blanc sur les pistes de d\u00e9veloppement de la client\u00e8le inter-r\u00e9gionale pour renforcer la dynamique du TGV Rhin-Rh\u00f4ne<\/h2>\n\n\n\n<p>Recherches bibliographiques sur les initiatives pass\u00e9es et analyse de leurs impacts, entretiens avec un panel d&rsquo;acteurs territoriaux, proposition d&rsquo;un plan d&rsquo;actions pour stimuler la client\u00e8le inter-r\u00e9gionale.<\/p>\n\n\n\n<div class=\"wp-block-media-text is-stacked-on-mobile\" style=\"margin-right:0;margin-left:0;padding-right:0;padding-left:0;grid-template-columns:15% auto\"><figure class=\"wp-block-media-text__media\"><img loading=\"lazy\" decoding=\"async\" width=\"719\" height=\"351\" src=\"https:\/\/trencoconsulting.fr\/wp-content\/uploads\/2026\/03\/image.png\" alt=\"Association Trans Europe TGV Rhin-Rh\u00f4ne-M\u00e9diterran\u00e9e\" class=\"wp-image-79 size-full\" srcset=\"https:\/\/trencoconsulting.fr\/wp-content\/uploads\/2026\/03\/image.png 719w, https:\/\/trencoconsulting.fr\/wp-content\/uploads\/2026\/03\/image-300x146.png 300w\" sizes=\"auto, (max-width: 719px) 100vw, 719px\" \/><\/figure><div class=\"wp-block-media-text__content\">\n<p class=\"has-small-font-size\"><strong>Association Trans Europe TGV Rhin-Rh\u00f4ne-M\u00e9diterran\u00e9e<\/strong><\/p>\n<\/div><\/div>\n<\/div><\/div>","protected":false},"excerpt":{"rendered":"","protected":false},"author":1,"featured_media":71,"parent":0,"menu_order":0,"comment_status":"closed","ping_status":"closed","template":"featured-image","meta":{"footnotes":""},"class_list":["post-70","page","type-page","status-publish","has-post-thumbnail","hentry"],"_links":{"self":[{"href":"https:\/\/trencoconsulting.fr\/en\/wp-json\/wp\/v2\/pages\/70","targetHints":{"allow":["GET"]}}],"collection":[{"href":"https:\/\/trencoconsulting.fr\/en\/wp-json\/wp\/v2\/pages"}],"about":[{"href":"https:\/\/trencoconsulting.fr\/en\/wp-json\/wp\/v2\/types\/page"}],"author":[{"embeddable":true,"href":"https:\/\/trencoconsulting.fr\/en\/wp-json\/wp\/v2\/users\/1"}],"replies":[{"embeddable":true,"href":"https:\/\/trencoconsulting.fr\/en\/wp-json\/wp\/v2\/comments?post=70"}],"version-history":[{"count":13,"href":"https:\/\/trencoconsulting.fr\/en\/wp-json\/wp\/v2\/pages\/70\/revisions"}],"predecessor-version":[{"id":232,"href":"https:\/\/trencoconsulting.fr\/en\/wp-json\/wp\/v2\/pages\/70\/revisions\/232"}],"wp:featuredmedia":[{"embeddable":true,"href":"https:\/\/trencoconsulting.fr\/en\/wp-json\/wp\/v2\/media\/71"}],"wp:attachment":[{"href":"https:\/\/trencoconsulting.fr\/en\/wp-json\/wp\/v2\/media?parent=70"}],"curies":[{"name":"wp","href":"https:\/\/api.w.org\/{rel}","templated":true}]}}