{"id":35,"date":"2026-03-11T14:22:07","date_gmt":"2026-03-11T14:22:07","guid":{"rendered":"https:\/\/trencoconsulting.fr\/?page_id=35"},"modified":"2026-03-12T15:54:50","modified_gmt":"2026-03-12T15:54:50","slug":"votre-consultant","status":"publish","type":"page","link":"https:\/\/trencoconsulting.fr\/en\/votre-consultant\/","title":{"rendered":"Your consultant"},"content":{"rendered":"<div class=\"wp-block-media-text alignwide is-stacked-on-mobile is-image-fill-element\" style=\"grid-template-columns:21% auto\"><figure class=\"wp-block-media-text__media\"><img loading=\"lazy\" decoding=\"async\" width=\"1024\" height=\"996\" src=\"http:\/\/trencoconsulting.fr\/wp-content\/uploads\/2026\/02\/Paul-station-e1773238037979-1024x996.jpg\" alt=\"\" class=\"wp-image-29 size-full\" style=\"object-position:50% 50%\" srcset=\"https:\/\/trencoconsulting.fr\/wp-content\/uploads\/2026\/02\/Paul-station-e1773238037979-1024x996.jpg 1024w, https:\/\/trencoconsulting.fr\/wp-content\/uploads\/2026\/02\/Paul-station-e1773238037979-300x292.jpg 300w, https:\/\/trencoconsulting.fr\/wp-content\/uploads\/2026\/02\/Paul-station-e1773238037979-768x747.jpg 768w, https:\/\/trencoconsulting.fr\/wp-content\/uploads\/2026\/02\/Paul-station-e1773238037979.jpg 1480w\" sizes=\"auto, (max-width: 1024px) 100vw, 1024px\" \/><\/figure><div class=\"wp-block-media-text__content\">\n<p><strong>Paul Leslie<\/strong> has over 30 years of international experience in the fields of public relations, project developement, communication and marketing in six different sectors (rail transport, renewable energies, foreign affaires, telecommunications, historic places, tourism). General Secretary of the Association Trans Europe TGV Rhin-Rh\u00f4ne-M\u00e9diterran\u00e9e (Rhine-Rh\u00f4ne High Speed Line Association) since 2012 he has held a range of roles in France and New Zealand within the public and private sectors such as Director of Development, Head of Community Relations, Director of Communications, and Head of Tourism Marketing. He is an independent board member of Transitec Ing\u00e9nieurs Conseils (CH) and chairs the Advisory Board of the European Grouping for Territorial Cooperation (EGTC) Interregional Alliance for the Rhine-Alpine Corridor -NL\/DE\/FR\/CH\/IT).<\/p>\n<\/div><\/div>","protected":false},"excerpt":{"rendered":"<p>Paul Leslie a plus de trente ans d\u2019exp\u00e9rience internationale en relations publiques, d\u00e9veloppement de projets, communication et marketing dans six secteurs diff\u00e9rents (transports ferroviaires, \u00e9nergies renouvelables, affaires \u00e9trang\u00e8res, t\u00e9l\u00e9communications, monuments historiques, tourisme). Secr\u00e9taire G\u00e9n\u00e9ral de l\u2019Association Trans Europe TGV Rhin-Rh\u00f4ne-M\u00e9diterran\u00e9e depuis 2012, il a exerc\u00e9 diverses fonctions en France et en Nouvelle-Z\u00e9lande aupr\u00e8s des entit\u00e9s&hellip;<\/p>","protected":false},"author":1,"featured_media":33,"parent":0,"menu_order":0,"comment_status":"closed","ping_status":"closed","template":"featured-image","meta":{"footnotes":""},"class_list":["post-35","page","type-page","status-publish","has-post-thumbnail","hentry"],"_links":{"self":[{"href":"https:\/\/trencoconsulting.fr\/en\/wp-json\/wp\/v2\/pages\/35","targetHints":{"allow":["GET"]}}],"collection":[{"href":"https:\/\/trencoconsulting.fr\/en\/wp-json\/wp\/v2\/pages"}],"about":[{"href":"https:\/\/trencoconsulting.fr\/en\/wp-json\/wp\/v2\/types\/page"}],"author":[{"embeddable":true,"href":"https:\/\/trencoconsulting.fr\/en\/wp-json\/wp\/v2\/users\/1"}],"replies":[{"embeddable":true,"href":"https:\/\/trencoconsulting.fr\/en\/wp-json\/wp\/v2\/comments?post=35"}],"version-history":[{"count":3,"href":"https:\/\/trencoconsulting.fr\/en\/wp-json\/wp\/v2\/pages\/35\/revisions"}],"predecessor-version":[{"id":103,"href":"https:\/\/trencoconsulting.fr\/en\/wp-json\/wp\/v2\/pages\/35\/revisions\/103"}],"wp:featuredmedia":[{"embeddable":true,"href":"https:\/\/trencoconsulting.fr\/en\/wp-json\/wp\/v2\/media\/33"}],"wp:attachment":[{"href":"https:\/\/trencoconsulting.fr\/en\/wp-json\/wp\/v2\/media?parent=35"}],"curies":[{"name":"wp","href":"https:\/\/api.w.org\/{rel}","templated":true}]}}