{"id":219,"date":"2026-03-26T09:48:58","date_gmt":"2026-03-26T09:48:58","guid":{"rendered":"https:\/\/trencoconsulting.fr\/?page_id=219"},"modified":"2026-03-26T10:02:57","modified_gmt":"2026-03-26T10:02:57","slug":"mentions-legales","status":"publish","type":"page","link":"https:\/\/trencoconsulting.fr\/en\/mentions-legales\/","title":{"rendered":"Legal information"},"content":{"rendered":"<div class=\"wp-block-group has-global-padding is-layout-constrained wp-block-group-is-layout-constrained\" style=\"margin-top:0;margin-bottom:0;padding-top:var(--wp--preset--spacing--50);padding-bottom:var(--wp--preset--spacing--50)\">\n<p>L\u2019utilisation du site web <a href=\"http:\/\/www.trenconsulting.fr\">www.trenconsulting.fr<\/a> implique la pleine et enti\u00e8re acceptation des mentions l\u00e9gales ci-apr\u00e8s.<\/p>\n<\/div>\n\n\n\n<h2 class=\"wp-block-heading\">1. D\u00e9nomination sociale<\/h2>\n\n\n\n<div class=\"wp-block-group has-global-padding is-layout-constrained wp-block-group-is-layout-constrained\">\n<div class=\"wp-block-group has-global-padding is-layout-constrained wp-block-group-is-layout-constrained\" style=\"padding-top:var(--wp--preset--spacing--50);padding-bottom:var(--wp--preset--spacing--50)\">\n<p>TRENCO Consulting<\/p>\n\n\n\n<p>SASU d\u2019un capital social de 1 000 euros<\/p>\n\n\n\n<p>Immatricul\u00e9 au R.C.S Dijon sous le num\u00e9ro 911 816 825<br>N\u00b0 SIRET 91181682500010<\/p>\n\n\n\n<p>N\u00b0 TVA intracommunautaire : FR47911816825<\/p>\n\n\n\n<p>15, impasse Lucien Bonnotte<\/p>\n\n\n\n<p>21000 DIJON<\/p>\n\n\n\n<p>France<\/p>\n\n\n\n<p>+33 7 77 85 33 09<\/p>\n<\/div>\n<\/div>\n\n\n\n<h2 class=\"wp-block-heading\">2. Informations \u00e9ditoriales<\/h2>\n\n\n\n<div class=\"wp-block-group has-global-padding is-layout-constrained wp-block-group-is-layout-constrained\" style=\"padding-top:var(--wp--preset--spacing--50);padding-bottom:var(--wp--preset--spacing--50)\">\n<p><strong>Directeur de la publication\u00a0:<\/strong><\/p>\n\n\n\n<p>Paul Leslie<\/p>\n\n\n\n<p>Pr\u00e9sident<\/p>\n\n\n\n<p>TRENCO Consulting<\/p>\n\n\n\n<p>15, impasse Lucien Bonnotte<\/p>\n\n\n\n<p>21000 DIJON<\/p>\n\n\n\n<p>France<\/p>\n\n\n\n<p>+33 7 77 85 33 09<\/p>\n\n\n\n<p><a href=\"mailto:paul.leslie@trencoconsulting.fr\">paul.leslie@trencoconsulting.fr<\/a><\/p>\n<\/div>\n\n\n\n<h2 class=\"wp-block-heading\">3. H\u00e9bergement<\/h2>\n\n\n\n<div class=\"wp-block-group has-global-padding is-layout-constrained wp-block-group-is-layout-constrained\" style=\"padding-top:var(--wp--preset--spacing--50);padding-bottom:var(--wp--preset--spacing--50)\">\n<p>OVH<\/p>\n\n\n\n<p>2 rue Kellermann<\/p>\n\n\n\n<p><\/p>\n\n\n\n<p>59100 ROUBAIX<\/p>\n\n\n\n<p>France<\/p>\n\n\n\n<p>N\u00b0 SIRET 42476141900045<br>+33 9 72 10 10 07<\/p>\n<\/div>\n\n\n\n<h2 class=\"wp-block-heading\">4. Copyright<\/h2>\n\n\n\n<p style=\"padding-top:var(--wp--preset--spacing--50);padding-bottom:var(--wp--preset--spacing--50)\">Sauf indication contraire, tous les contenus pr\u00e9sents sur ce site Internet, tels que textes, images, logos, graphiques, vid\u00e9os, ic\u00f4nes, ainsi que toute autre cr\u00e9ation originale, sont la propri\u00e9t\u00e9 exclusive de TRENCO Consulting, et sont prot\u00e9g\u00e9s par les lois nationales et internationales sur la propri\u00e9t\u00e9 intellectuelle, notamment les droits d\u2019auteur, les droits voisins, les marques d\u00e9pos\u00e9es, les brevets et les dessins et mod\u00e8les industriels.<\/p>","protected":false},"excerpt":{"rendered":"<p>L\u2019utilisation du site web www.trenconsulting.fr implique la pleine et enti\u00e8re acceptation des mentions l\u00e9gales ci-apr\u00e8s. 1. D\u00e9nomination sociale TRENCO Consulting SASU d\u2019un capital social de 1 000 euros Immatricul\u00e9 au R.C.S Dijon sous le num\u00e9ro 911 816 825N\u00b0 SIRET 91181682500010 N\u00b0 TVA intracommunautaire : FR47911816825 15, impasse Lucien Bonnotte 21000 DIJON France +33 7 77&hellip;<\/p>","protected":false},"author":1,"featured_media":98,"parent":0,"menu_order":0,"comment_status":"closed","ping_status":"closed","template":"featured-image","meta":{"footnotes":""},"class_list":["post-219","page","type-page","status-publish","has-post-thumbnail","hentry"],"_links":{"self":[{"href":"https:\/\/trencoconsulting.fr\/en\/wp-json\/wp\/v2\/pages\/219","targetHints":{"allow":["GET"]}}],"collection":[{"href":"https:\/\/trencoconsulting.fr\/en\/wp-json\/wp\/v2\/pages"}],"about":[{"href":"https:\/\/trencoconsulting.fr\/en\/wp-json\/wp\/v2\/types\/page"}],"author":[{"embeddable":true,"href":"https:\/\/trencoconsulting.fr\/en\/wp-json\/wp\/v2\/users\/1"}],"replies":[{"embeddable":true,"href":"https:\/\/trencoconsulting.fr\/en\/wp-json\/wp\/v2\/comments?post=219"}],"version-history":[{"count":1,"href":"https:\/\/trencoconsulting.fr\/en\/wp-json\/wp\/v2\/pages\/219\/revisions"}],"predecessor-version":[{"id":220,"href":"https:\/\/trencoconsulting.fr\/en\/wp-json\/wp\/v2\/pages\/219\/revisions\/220"}],"wp:featuredmedia":[{"embeddable":true,"href":"https:\/\/trencoconsulting.fr\/en\/wp-json\/wp\/v2\/media\/98"}],"wp:attachment":[{"href":"https:\/\/trencoconsulting.fr\/en\/wp-json\/wp\/v2\/media?parent=219"}],"curies":[{"name":"wp","href":"https:\/\/api.w.org\/{rel}","templated":true}]}}