{"id":128,"date":"2026-03-13T09:46:19","date_gmt":"2026-03-13T09:46:19","guid":{"rendered":"https:\/\/trencoconsulting.fr\/?page_id=128"},"modified":"2026-03-19T11:14:09","modified_gmt":"2026-03-19T11:14:09","slug":"services","status":"publish","type":"page","link":"https:\/\/trencoconsulting.fr\/en\/services\/","title":{"rendered":"Services"},"content":{"rendered":"<div class=\"wp-block-media-text is-stacked-on-mobile\" style=\"grid-template-columns:15% auto\"><figure class=\"wp-block-media-text__media\"><img loading=\"lazy\" decoding=\"async\" width=\"424\" height=\"425\" src=\"http:\/\/trencoconsulting.fr\/wp-content\/uploads\/2026\/02\/Carre-vert.png\" alt=\"\" class=\"wp-image-26 size-full\" srcset=\"https:\/\/trencoconsulting.fr\/wp-content\/uploads\/2026\/02\/Carre-vert.png 424w, https:\/\/trencoconsulting.fr\/wp-content\/uploads\/2026\/02\/Carre-vert-300x300.png 300w, https:\/\/trencoconsulting.fr\/wp-content\/uploads\/2026\/02\/Carre-vert-150x150.png 150w\" sizes=\"auto, (max-width: 424px) 100vw, 424px\" \/><\/figure><div class=\"wp-block-media-text__content\">\n<h2 class=\"wp-block-heading has-medium-font-size\">Expert analyses and appraisals, feasibility studies<\/h2>\n\n\n\n<p>We provide an expert's perspective on the topics of most importance to you to help you identify, contextualise and synthesize the relevant challenges and opportunities.<\/p>\n<\/div><\/div>\n\n\n\n<div class=\"wp-block-media-text is-stacked-on-mobile\" style=\"grid-template-columns:15% auto\"><figure class=\"wp-block-media-text__media\"><img loading=\"lazy\" decoding=\"async\" width=\"421\" height=\"421\" src=\"http:\/\/trencoconsulting.fr\/wp-content\/uploads\/2026\/02\/Carre-bleu-2.png\" alt=\"\" class=\"wp-image-25 size-full\" srcset=\"https:\/\/trencoconsulting.fr\/wp-content\/uploads\/2026\/02\/Carre-bleu-2.png 421w, https:\/\/trencoconsulting.fr\/wp-content\/uploads\/2026\/02\/Carre-bleu-2-300x300.png 300w, https:\/\/trencoconsulting.fr\/wp-content\/uploads\/2026\/02\/Carre-bleu-2-150x150.png 150w\" sizes=\"auto, (max-width: 421px) 100vw, 421px\" \/><\/figure><div class=\"wp-block-media-text__content\">\n<h2 class=\"wp-block-heading has-medium-font-size\">Quick-fire targeted interventions<\/h2>\n\n\n\n<p>We can undertake rapid short-term missions to help you quickly develop your position with regards to emerging or evolving issues and opportunities.<\/p>\n<\/div><\/div>\n\n\n\n<div class=\"wp-block-media-text is-stacked-on-mobile\" style=\"grid-template-columns:15% auto\"><figure class=\"wp-block-media-text__media\"><img loading=\"lazy\" decoding=\"async\" width=\"415\" height=\"415\" src=\"http:\/\/trencoconsulting.fr\/wp-content\/uploads\/2026\/02\/Carre-orange.png\" alt=\"\" class=\"wp-image-27 size-full\" srcset=\"https:\/\/trencoconsulting.fr\/wp-content\/uploads\/2026\/02\/Carre-orange.png 415w, https:\/\/trencoconsulting.fr\/wp-content\/uploads\/2026\/02\/Carre-orange-300x300.png 300w, https:\/\/trencoconsulting.fr\/wp-content\/uploads\/2026\/02\/Carre-orange-150x150.png 150w\" sizes=\"auto, (max-width: 415px) 100vw, 415px\" \/><\/figure><div class=\"wp-block-media-text__content\">\n<h2 class=\"wp-block-heading has-medium-font-size\">Development of strategies and action plans<\/h2>\n\n\n\n<p>We help you develop strategic objectives for your critical topics and propose a set of concrete actions to achieve them. <\/p>\n<\/div><\/div>\n\n\n\n<div class=\"wp-block-media-text is-stacked-on-mobile\" style=\"grid-template-columns:15% auto\"><figure class=\"wp-block-media-text__media\"><img loading=\"lazy\" decoding=\"async\" width=\"424\" height=\"425\" src=\"http:\/\/trencoconsulting.fr\/wp-content\/uploads\/2026\/02\/Carre-vert.png\" alt=\"\" class=\"wp-image-26 size-full\" srcset=\"https:\/\/trencoconsulting.fr\/wp-content\/uploads\/2026\/02\/Carre-vert.png 424w, https:\/\/trencoconsulting.fr\/wp-content\/uploads\/2026\/02\/Carre-vert-300x300.png 300w, https:\/\/trencoconsulting.fr\/wp-content\/uploads\/2026\/02\/Carre-vert-150x150.png 150w\" sizes=\"auto, (max-width: 424px) 100vw, 424px\" \/><\/figure><div class=\"wp-block-media-text__content\">\n<h2 class=\"wp-block-heading has-medium-font-size\">Policy and market monitoring<\/h2>\n\n\n\n<p>We monitor political and economic developements in your areas and fields of interest and provide you with regular or time-specific updates.<\/p>\n<\/div><\/div>\n\n\n\n<div class=\"wp-block-media-text is-stacked-on-mobile\" style=\"grid-template-columns:15% auto\"><figure class=\"wp-block-media-text__media\"><img loading=\"lazy\" decoding=\"async\" width=\"421\" height=\"421\" src=\"http:\/\/trencoconsulting.fr\/wp-content\/uploads\/2026\/02\/Carre-bleu-2.png\" alt=\"\" class=\"wp-image-25 size-full\" srcset=\"https:\/\/trencoconsulting.fr\/wp-content\/uploads\/2026\/02\/Carre-bleu-2.png 421w, https:\/\/trencoconsulting.fr\/wp-content\/uploads\/2026\/02\/Carre-bleu-2-300x300.png 300w, https:\/\/trencoconsulting.fr\/wp-content\/uploads\/2026\/02\/Carre-bleu-2-150x150.png 150w\" sizes=\"auto, (max-width: 421px) 100vw, 421px\" \/><\/figure><div class=\"wp-block-media-text__content\">\n<h2 class=\"wp-block-heading has-medium-font-size\">Lobbying and public affaires<\/h2>\n\n\n\n<p>We work with you to develop your arguments, identify key players within the relevant decision-making bodies and engage with them to further your objectives.<\/p>\n<\/div><\/div>\n\n\n\n<div class=\"wp-block-media-text is-stacked-on-mobile\" style=\"grid-template-columns:15% auto\"><figure class=\"wp-block-media-text__media\"><img loading=\"lazy\" decoding=\"async\" width=\"415\" height=\"415\" src=\"http:\/\/trencoconsulting.fr\/wp-content\/uploads\/2026\/02\/Carre-orange.png\" alt=\"\" class=\"wp-image-27 size-full\" srcset=\"https:\/\/trencoconsulting.fr\/wp-content\/uploads\/2026\/02\/Carre-orange.png 415w, https:\/\/trencoconsulting.fr\/wp-content\/uploads\/2026\/02\/Carre-orange-300x300.png 300w, https:\/\/trencoconsulting.fr\/wp-content\/uploads\/2026\/02\/Carre-orange-150x150.png 150w\" sizes=\"auto, (max-width: 415px) 100vw, 415px\" \/><\/figure><div class=\"wp-block-media-text__content\">\n<h2 class=\"wp-block-heading has-medium-font-size\">Stakeholder mapping and relationship development<\/h2>\n\n\n\n<p>We identify the matrix of institutional, economic and community stakeholders of relevance to your issues and help you develop your relationship with them.<\/p>\n<\/div><\/div>\n\n\n\n<div class=\"wp-block-media-text is-stacked-on-mobile\" style=\"grid-template-columns:15% auto\"><figure class=\"wp-block-media-text__media\"><img loading=\"lazy\" decoding=\"async\" width=\"424\" height=\"425\" src=\"http:\/\/trencoconsulting.fr\/wp-content\/uploads\/2026\/02\/Carre-vert.png\" alt=\"\" class=\"wp-image-26 size-full\" srcset=\"https:\/\/trencoconsulting.fr\/wp-content\/uploads\/2026\/02\/Carre-vert.png 424w, https:\/\/trencoconsulting.fr\/wp-content\/uploads\/2026\/02\/Carre-vert-300x300.png 300w, https:\/\/trencoconsulting.fr\/wp-content\/uploads\/2026\/02\/Carre-vert-150x150.png 150w\" sizes=\"auto, (max-width: 424px) 100vw, 424px\" \/><\/figure><div class=\"wp-block-media-text__content\">\n<p class=\"has-medium-font-size\"><strong>Public consultation assistance<\/strong><\/p>\n\n\n\n<p>We work with you to develop your approach to public consultation, elaborate your key messages and implement your consultation strategies and programmes.<\/p>\n<\/div><\/div>","protected":false},"excerpt":{"rendered":"<p>Analyses et expertises th\u00e9matiques, \u00e9tudes d\u2019opportunit\u00e9 Nous apportons un regard d&rsquo;expert sur les th\u00e9matiques qui vous sont importantes pour identifier, contextualiser et synth\u00e9tiser les enjeux et les opportunit\u00e9s vous concernant. Missions \u00ab&nbsp;flash&nbsp;\u00bb cibl\u00e9es Nous intervenons sur des dur\u00e9es courtes pour vous aider \u00e0 vous positionner rapidement par rapport \u00e0 des probl\u00e9matiques ou des opportunit\u00e9s \u00e9mergents&hellip;<\/p>","protected":false},"author":1,"featured_media":129,"parent":0,"menu_order":0,"comment_status":"closed","ping_status":"closed","template":"featured-image","meta":{"footnotes":""},"class_list":["post-128","page","type-page","status-publish","has-post-thumbnail","hentry"],"_links":{"self":[{"href":"https:\/\/trencoconsulting.fr\/en\/wp-json\/wp\/v2\/pages\/128","targetHints":{"allow":["GET"]}}],"collection":[{"href":"https:\/\/trencoconsulting.fr\/en\/wp-json\/wp\/v2\/pages"}],"about":[{"href":"https:\/\/trencoconsulting.fr\/en\/wp-json\/wp\/v2\/types\/page"}],"author":[{"embeddable":true,"href":"https:\/\/trencoconsulting.fr\/en\/wp-json\/wp\/v2\/users\/1"}],"replies":[{"embeddable":true,"href":"https:\/\/trencoconsulting.fr\/en\/wp-json\/wp\/v2\/comments?post=128"}],"version-history":[{"count":13,"href":"https:\/\/trencoconsulting.fr\/en\/wp-json\/wp\/v2\/pages\/128\/revisions"}],"predecessor-version":[{"id":212,"href":"https:\/\/trencoconsulting.fr\/en\/wp-json\/wp\/v2\/pages\/128\/revisions\/212"}],"wp:featuredmedia":[{"embeddable":true,"href":"https:\/\/trencoconsulting.fr\/en\/wp-json\/wp\/v2\/media\/129"}],"wp:attachment":[{"href":"https:\/\/trencoconsulting.fr\/en\/wp-json\/wp\/v2\/media?parent=128"}],"curies":[{"name":"wp","href":"https:\/\/api.w.org\/{rel}","templated":true}]}}